{"id":1132,"date":"2023-08-18T11:30:06","date_gmt":"2023-08-18T11:30:06","guid":{"rendered":"https:\/\/svebico.hemsida.eu\/?page_id=1132"},"modified":"2023-08-18T11:55:35","modified_gmt":"2023-08-18T11:55:35","slug":"bingospelets-historia","status":"publish","type":"page","link":"https:\/\/www.svebico.se\/index.php\/bingospelets-historia\/","title":{"rendered":"Bingospelets historia"},"content":{"rendered":"\t\t<div data-elementor-type=\"wp-page\" data-elementor-id=\"1132\" class=\"elementor elementor-1132\">\n\t\t\t\t\t\t<section class=\"elementor-section elementor-top-section elementor-element elementor-element-807954b elementor-section-boxed elementor-section-height-default elementor-section-height-default\" data-id=\"807954b\" data-element_type=\"section\" data-e-type=\"section\">\n\t\t\t\t\t\t<div class=\"elementor-container elementor-column-gap-default\">\n\t\t\t\t\t<div class=\"elementor-column elementor-col-100 elementor-top-column elementor-element elementor-element-e16650c\" data-id=\"e16650c\" data-element_type=\"column\" data-e-type=\"column\">\n\t\t\t<div class=\"elementor-widget-wrap elementor-element-populated\">\n\t\t\t\t\t\t<div class=\"elementor-element elementor-element-57a3d78 elementor-position-right elementor-vertical-align-top elementor-widget elementor-widget-image-box\" data-id=\"57a3d78\" data-element_type=\"widget\" data-e-type=\"widget\" data-widget_type=\"image-box.default\">\n\t\t\t\t<div class=\"elementor-widget-container\">\n\t\t\t\t\t<div class=\"elementor-image-box-wrapper\"><figure class=\"elementor-image-box-img\"><img fetchpriority=\"high\" decoding=\"async\" width=\"2560\" height=\"1702\" src=\"https:\/\/www.svebico.se\/wp-content\/uploads\/2023\/08\/Medeltid-scaled.jpg\" class=\"attachment-full size-full wp-image-1135\" alt=\"Medeltidsrustning\" srcset=\"https:\/\/www.svebico.se\/wp-content\/uploads\/2023\/08\/Medeltid-scaled.jpg 2560w, https:\/\/www.svebico.se\/wp-content\/uploads\/2023\/08\/Medeltid-300x200.jpg 300w, https:\/\/www.svebico.se\/wp-content\/uploads\/2023\/08\/Medeltid-1024x681.jpg 1024w, https:\/\/www.svebico.se\/wp-content\/uploads\/2023\/08\/Medeltid-768x511.jpg 768w, https:\/\/www.svebico.se\/wp-content\/uploads\/2023\/08\/Medeltid-1536x1021.jpg 1536w, https:\/\/www.svebico.se\/wp-content\/uploads\/2023\/08\/Medeltid-2048x1362.jpg 2048w\" sizes=\"(max-width: 2560px) 100vw, 2560px\" \/><\/figure><div class=\"elementor-image-box-content\"><h3 class=\"elementor-image-box-title\">Starten<\/h3><p class=\"elementor-image-box-description\">Med en ca 500 \u00e5r gammal historia \u00e4r bingo en av de \u00e4ldsta formerna av modernt spel. Spelet tros ha startat i Italien och sedan spridits till Frankrike och Storbritannien. N\u00e4r det f\u00f6rst b\u00f6rjade var det mer som ett lotterispel. Spelet b\u00f6rjade inte utvecklas och likna det spel vi k\u00e4nner idag f\u00f6rr\u00e4n det kom till Frankrike. P\u00e5 1700-talet hade det blivit ett popul\u00e4rt spel i Storbritannien, med spelare fr\u00e5n hela landet som deltog. <\/p><\/div><\/div>\t\t\t\t<\/div>\n\t\t\t\t<\/div>\n\t\t\t\t<div class=\"elementor-element elementor-element-f0e988e elementor-position-right elementor-vertical-align-top elementor-widget elementor-widget-image-box\" data-id=\"f0e988e\" data-element_type=\"widget\" data-e-type=\"widget\" data-widget_type=\"image-box.default\">\n\t\t\t\t<div class=\"elementor-widget-container\">\n\t\t\t\t\t<div class=\"elementor-image-box-wrapper\"><figure class=\"elementor-image-box-img\"><img decoding=\"async\" width=\"1024\" height=\"1024\" src=\"https:\/\/www.svebico.se\/wp-content\/uploads\/2023\/08\/beano_game.jpg\" class=\"attachment-full size-full wp-image-1136\" alt=\"Beano\" srcset=\"https:\/\/www.svebico.se\/wp-content\/uploads\/2023\/08\/beano_game.jpg 1024w, https:\/\/www.svebico.se\/wp-content\/uploads\/2023\/08\/beano_game-300x300.jpg 300w, https:\/\/www.svebico.se\/wp-content\/uploads\/2023\/08\/beano_game-150x150.jpg 150w, https:\/\/www.svebico.se\/wp-content\/uploads\/2023\/08\/beano_game-768x768.jpg 768w, https:\/\/www.svebico.se\/wp-content\/uploads\/2023\/08\/beano_game-600x600.jpg 600w\" sizes=\"(max-width: 1024px) 100vw, 1024px\" \/><\/figure><div class=\"elementor-image-box-content\"><h3 class=\"elementor-image-box-title\">Beano<\/h3><p class=\"elementor-image-box-description\">En decemberkv\u00e4ll 1929 beslutade en mycket tr\u00f6tt leksaksf\u00f6rs\u00e4ljare i New York, Edwin S. Lowe, att k\u00f6ra till Jacksonville, Georgia s\u00e5 han tidigt n\u00e4sta dag kunde b\u00f6rja med sina avtalade m\u00f6ten.\n\nLowe hade startat sitt eget leksaksf\u00f6retag \u00e5ret innan med tv\u00e5 anst\u00e4llda och 1000 dollar som startkapital. Kort efter brakade marknaden samman och utsikterna f\u00f6r hans tidigare blomstrande firma s\u00e5g t\u00e4mligen m\u00f6rka ut. \n\nN\u00e5gra kilometer innan Jacksonville m\u00f6tte Lowe ett kraftigt ljus fr\u00e5n ett kringresande tivoli. Han hade inte br\u00e5ttom och parkerade d\u00e4rf\u00f6r bilen och gick och tittade. Alla bodarna var st\u00e4ngda med undantag av en som var fullpackad med folk. Lowe stod p\u00e5 t\u00e5rna f\u00f6r att se vad som p\u00e5gick. All aktivitet var centrerad omkring ett h\u00e4stskoformat bord t\u00e4ckt med numrerade kort och en massa b\u00f6nor.\n\nSpelet var en variant av Lotto med namnet Beano. Upproparen drog sm\u00e5 tr\u00e4plattor med nummer fr\u00e5n en gammal cigarrl\u00e5da, varefter han ropade numret h\u00f6gt. Spelarna kollade d\u00e4refter sina kort f\u00f6r att se, om det inneh\u00f6ll det uppropade numret. Om det fanns, puttade de en b\u00f6na ovanp\u00e5 numret. Detta fortsatte tills en person hade fyllt en hel rad med b\u00f6nor p\u00e5 numren p\u00e5 deras kort \u2013 antingen horisontalt, vertikalt eller diagonalt. N\u00e4r det h\u00e4nde, ropade vederb\u00f6rande \u201dBeano\u201d! Och mottog i geng\u00e4ld en liten Kewpie duk.\n\nEd Lowe f\u00f6rs\u00f6kte att spela Beano den kv\u00e4llen, men kunde inte f\u00e5 en plats vid bordet. Medan han v\u00e4ntade, m\u00e4rkte han att spelarna praktisk taget var beroende av spelet. Upproparen ville g\u00e4rna st\u00e4nga, men varje g\u00e5ng, han sade \u201dsista spelet\u201d, fanns det ingen som reagerade. D\u00e5 han \u00e4ntligen st\u00e4ngde kl. 3 p\u00e5 morgonen var han tvungen att jaga iv\u00e4g dem fr\u00e5n bordet.\n\nEfter att ha st\u00e4ngt ner ber\u00e4ttade upproparen f\u00f6r Lowe att han hade st\u00f6tt p\u00e5 ett spel med namnet Lotto d\u00e5 han reste runt med tivoli i Tyskland \u00e5ret innan. Han t\u00e4nkte d\u00e5 att spelet skulle g\u00f6ra sig bra som ett t\u00e4lt- eller tivolispel. Han \u00e4ndrade lite i spelet och \u00e4ndrade namnet till Beano. Spelet gick hem hos de flesta m\u00e4nniskor och var en s\u00e4ker pengamaskin. D\u00e5 han reste tillbaka till USA beslutade han att forts\u00e4tta med spelet i ett kringresande tivoli...<\/p><\/div><\/div>\t\t\t\t<\/div>\n\t\t\t\t<\/div>\n\t\t\t\t<div class=\"elementor-element elementor-element-9aa9ce7 elementor-position-right elementor-vertical-align-top elementor-widget elementor-widget-image-box\" data-id=\"9aa9ce7\" data-element_type=\"widget\" data-e-type=\"widget\" data-widget_type=\"image-box.default\">\n\t\t\t\t<div class=\"elementor-widget-container\">\n\t\t\t\t\t<div class=\"elementor-image-box-wrapper\"><figure class=\"elementor-image-box-img\"><img decoding=\"async\" width=\"269\" height=\"187\" src=\"https:\/\/www.svebico.se\/wp-content\/uploads\/2023\/08\/Bingo_old.jpg\" class=\"attachment-full size-full wp-image-1137\" alt=\"Bingo\" \/><\/figure><div class=\"elementor-image-box-content\"><h3 class=\"elementor-image-box-title\">Bingo<\/h3><p class=\"elementor-image-box-description\">Efter hemkomsten till New York k\u00f6pte Lowe n\u00e5gra torkade b\u00f6nor, en numreringsst\u00e4mpel i gummi och kartong. Han bj\u00f6d in sina v\u00e4nner och tog rollen som uppropare. Det tog inte l\u00e5ng tid innan hans v\u00e4nner spelade Beano med samme iver och begeistring som han hade sett i tivolit.\n\nEfter en runda m\u00e4rkte Lowe att en av spelarna var n\u00e4ra att vinna. Hon blev gladare och gladare vartefter b\u00f6norna blev blev lagda p\u00e5 hennes platta. D\u00e5 det sista numret \u00e4ntligen blev uppropat reste hon sig hastigt men gl\u00f6mde i sin iver vad hon skulle ropa och i st\u00e4llet f\u00f6r Beano stammade hon \u201db-b-b-bingo\u201d!\n\n\u201dJag kan inte beskriva den k\u00e4nsla av gl\u00e4dje, som sk\u00f6ljde in \u00f6ver mig efter detta utrop. Det enda jag kunde t\u00e4nka p\u00e5 var att jag ville f\u00e5 succ\u00e9 med detta spel, och att det skulle heta Bingo!\u201d, sade Lowe.\n\nLowes f\u00f6rsta bingospel kom i tv\u00e5 variationer \u2013 ett set med 12 kort f\u00f6r 1 dollar och ett set med 24 kort f\u00f6r 2 dollar. Spelet fick enorm succ\u00e9 och var startskottet f\u00f6r Lowes firma. \u00c4ven om namnet Bingo l\u00e4tt skulle ha kunnat uppn\u00e5 varum\u00e4rkesr\u00e4ttigheter hade spelet \u2013 efter det var offentliggjort \u2013 en mycket liten chans f\u00f6r att bli skyddat. S\u00e5 snart succ\u00e9n var tydlig b\u00f6rjade folk att kopiera spelet. Lowe var dock mycket n\u00e5dig. Han bad sina konkurrenter att betala honom en dollar om \u00e5ret och att kalla spelet f\u00f6r Bingo. Ett l\u00e5gt pris f\u00f6r att undg\u00e5 r\u00e4ttsprocesser och snart var namnet legendariskt.<\/p><\/div><\/div>\t\t\t\t<\/div>\n\t\t\t\t<\/div>\n\t\t\t\t<div class=\"elementor-element elementor-element-d31ddbd elementor-position-right elementor-vertical-align-top elementor-widget elementor-widget-image-box\" data-id=\"d31ddbd\" data-element_type=\"widget\" data-e-type=\"widget\" data-widget_type=\"image-box.default\">\n\t\t\t\t<div class=\"elementor-widget-container\">\n\t\t\t\t\t<div class=\"elementor-image-box-wrapper\"><figure class=\"elementor-image-box-img\"><img loading=\"lazy\" decoding=\"async\" width=\"563\" height=\"400\" src=\"https:\/\/www.svebico.se\/wp-content\/uploads\/2023\/08\/Historia2.png\" class=\"attachment-full size-full wp-image-1141\" alt=\"Retro bingospel\" srcset=\"https:\/\/www.svebico.se\/wp-content\/uploads\/2023\/08\/Historia2.png 563w, https:\/\/www.svebico.se\/wp-content\/uploads\/2023\/08\/Historia2-300x213.png 300w\" sizes=\"(max-width: 563px) 100vw, 563px\" \/><\/figure><div class=\"elementor-image-box-content\"><h3 class=\"elementor-image-box-title\">Bingo i Sverige<\/h3><p class=\"elementor-image-box-description\">I Sverige arrangerades det f\u00f6rsta organiserade bingospelet den 9 september 1961 av Gunnarstorps IF i nordv\u00e4stra Sk\u00e5ne.\n\nDet var ett experiment f\u00f6r att f\u00f6rs\u00f6ka f\u00e5 in ytterligare pengar till klubbkassan\noch resultatet blev minst sagt en succ\u00e9. Bingospelet spred sig som en l\u00f6peld runt om i Sverige och i slutet av 1960-talet spelades det bingo p\u00e5 cirka 500 platser runt om i landet. 1974 inf\u00f6rdes en ny lagstiftning. Tillst\u00e5ndsgivningen \u00f6vergick fr\u00e5n polisen till L\u00e4nsstyrelsen och dess kontrollanter utbildades av d\u00e5varande Lotterin\u00e4mnden som st\u00e4llde h\u00f6ga krav p\u00e5 redovisning och avkastning.\n\nI den vevan f\u00f6rsvann alla oseri\u00f6sa akt\u00f6rer fr\u00e5n marknaden. Under slutet av 1980-talet minskades beskattningen av bingospelet f\u00f6r att helt avskaffas 1995. Under b\u00f6rjan av 1990-talet fick bingospelet ett uppsving, mycket tack vare att kontantvinster blev till\u00e5tna.<\/p><\/div><\/div>\t\t\t\t<\/div>\n\t\t\t\t<\/div>\n\t\t\t\t<div class=\"elementor-element elementor-element-f66d088 elementor-position-right elementor-vertical-align-top elementor-widget elementor-widget-image-box\" data-id=\"f66d088\" data-element_type=\"widget\" data-e-type=\"widget\" data-widget_type=\"image-box.default\">\n\t\t\t\t<div class=\"elementor-widget-container\">\n\t\t\t\t\t<div class=\"elementor-image-box-wrapper\"><figure class=\"elementor-image-box-img\"><img loading=\"lazy\" decoding=\"async\" width=\"530\" height=\"353\" src=\"https:\/\/www.svebico.se\/wp-content\/uploads\/2023\/08\/BingoIdag.jpg\" class=\"attachment-full size-full wp-image-1143\" alt=\"\" srcset=\"https:\/\/www.svebico.se\/wp-content\/uploads\/2023\/08\/BingoIdag.jpg 530w, https:\/\/www.svebico.se\/wp-content\/uploads\/2023\/08\/BingoIdag-300x200.jpg 300w\" sizes=\"(max-width: 530px) 100vw, 530px\" \/><\/figure><div class=\"elementor-image-box-content\"><h3 class=\"elementor-image-box-title\">Idag<\/h3><p class=\"elementor-image-box-description\">Idag finns det 55 bingohallar i Sverige. Samtliga hallar har ideella f\u00f6reningar som f\u00f6rm\u00e5nstagare och drivs oftast av servicef\u00f6retag som best\u00e5r av flera \nf\u00f6reningar eller enskilda n\u00e4ringsidkare. De flesta f\u00f6reningar bedriver idrottsverksamhet och ett av kriterierna f\u00f6r att medverka \u00e4r att f\u00f6reningarna har en omfattande ungdoms-verksamhet. L\u00e4nsstyrelsen utf\u00e4rdar lotteritillst\u00e5nd, sk\u00f6ter kontrollen och beslutar vilka f\u00f6reningar som f\u00e5r vara f\u00f6rm\u00e5nstagare och godk\u00e4nner avtal.\n\nBingohallarna delar ut hundratals miljoner varje \u00e5r direkt till det lokala f\u00f6reningslivet. Sedan bingoverksamheten startade i Sverige p\u00e5 1960-talet har den genererat \u00f6ver 10 miljarder kronor i nettobeh\u00e5llning. Dessa pengar har varit och \u00e4r avg\u00f6rande f\u00f6r m\u00e5nga f\u00f6reningars \u00f6verlevnad. I takt med minskade bidrag och besparingar i stat, landsting och kommuner kommer bidragen fr\u00e5n bingoverksamheten att spela en allt viktigare roll.\n\nH\u00f6gsta kontantvinsten uppg\u00e5r till ett basbelopp med undantag f\u00f6r vissa speciella arrangemang, som till exempel  d\u00e5 man spelar sammankopplat samtidigt i flera hallar varvid man kan dela ut h\u00f6gre belopp.\n\nUt\u00f6ver det traditionella bingospelet f\u00f6rekommer det \u00e4ven spel p\u00e5 s\u00e5 kallade v\u00e4rdeautomater (Vegas) i de flesta bingohallar. Spelet p\u00e5 dessa v\u00e4rdeautomater \u00e4r en viktig del av det spelutbud som erbjuds i bingohallarna. Detta sker i samarbete med Svenska Spel.<\/p><\/div><\/div>\t\t\t\t<\/div>\n\t\t\t\t<\/div>\n\t\t\t\t\t<\/div>\n\t\t<\/div>\n\t\t\t\t\t<\/div>\n\t\t<\/section>\n\t\t\t\t<\/div>\n\t\t","protected":false},"excerpt":{"rendered":"<p>Starten Med en ca 500 \u00e5r gammal historia \u00e4r bingo en av de \u00e4ldsta formerna av modernt spel. Spelet tros ha startat i Italien och sedan spridits till Frankrike och Storbritannien. N\u00e4r det f\u00f6rst b\u00f6rjade var det mer som ett lotterispel. Spelet b\u00f6rjade inte utvecklas och likna det spel vi k\u00e4nner idag f\u00f6rr\u00e4n det kom [&hellip;]<\/p>\n","protected":false},"author":1,"featured_media":0,"parent":0,"menu_order":0,"comment_status":"closed","ping_status":"closed","template":"","meta":{"ocean_post_layout":"full-screen","ocean_both_sidebars_style":"","ocean_both_sidebars_content_width":0,"ocean_both_sidebars_sidebars_width":0,"ocean_sidebar":"0","ocean_second_sidebar":"0","ocean_disable_margins":"enable","ocean_add_body_class":"","ocean_shortcode_before_top_bar":"","ocean_shortcode_after_top_bar":"","ocean_shortcode_before_header":"","ocean_shortcode_after_header":"","ocean_has_shortcode":"","ocean_shortcode_after_title":"","ocean_shortcode_before_footer_widgets":"","ocean_shortcode_after_footer_widgets":"","ocean_shortcode_before_footer_bottom":"","ocean_shortcode_after_footer_bottom":"","ocean_display_top_bar":"default","ocean_display_header":"default","ocean_header_style":"","ocean_center_header_left_menu":"0","ocean_custom_header_template":"0","ocean_custom_logo":0,"ocean_custom_retina_logo":0,"ocean_custom_logo_max_width":0,"ocean_custom_logo_tablet_max_width":0,"ocean_custom_logo_mobile_max_width":0,"ocean_custom_logo_max_height":0,"ocean_custom_logo_tablet_max_height":0,"ocean_custom_logo_mobile_max_height":0,"ocean_header_custom_menu":"0","ocean_menu_typo_font_family":"0","ocean_menu_typo_font_subset":"","ocean_menu_typo_font_size":0,"ocean_menu_typo_font_size_tablet":0,"ocean_menu_typo_font_size_mobile":0,"ocean_menu_typo_font_size_unit":"px","ocean_menu_typo_font_weight":"","ocean_menu_typo_font_weight_tablet":"","ocean_menu_typo_font_weight_mobile":"","ocean_menu_typo_transform":"","ocean_menu_typo_transform_tablet":"","ocean_menu_typo_transform_mobile":"","ocean_menu_typo_line_height":0,"ocean_menu_typo_line_height_tablet":0,"ocean_menu_typo_line_height_mobile":0,"ocean_menu_typo_line_height_unit":"","ocean_menu_typo_spacing":0,"ocean_menu_typo_spacing_tablet":0,"ocean_menu_typo_spacing_mobile":0,"ocean_menu_typo_spacing_unit":"","ocean_menu_link_color":"","ocean_menu_link_color_hover":"","ocean_menu_link_color_active":"","ocean_menu_link_background":"","ocean_menu_link_hover_background":"","ocean_menu_link_active_background":"","ocean_menu_social_links_bg":"","ocean_menu_social_hover_links_bg":"","ocean_menu_social_links_color":"","ocean_menu_social_hover_links_color":"","ocean_disable_title":"default","ocean_disable_heading":"default","ocean_post_title":"","ocean_post_subheading":"","ocean_post_title_style":"","ocean_post_title_background_color":"","ocean_post_title_background":0,"ocean_post_title_bg_image_position":"","ocean_post_title_bg_image_attachment":"","ocean_post_title_bg_image_repeat":"","ocean_post_title_bg_image_size":"","ocean_post_title_height":0,"ocean_post_title_bg_overlay":0.5,"ocean_post_title_bg_overlay_color":"","ocean_disable_breadcrumbs":"default","ocean_breadcrumbs_color":"","ocean_breadcrumbs_separator_color":"","ocean_breadcrumbs_links_color":"","ocean_breadcrumbs_links_hover_color":"","ocean_display_footer_widgets":"default","ocean_display_footer_bottom":"default","ocean_custom_footer_template":"0","footnotes":""},"class_list":["post-1132","page","type-page","status-publish","hentry","entry"],"jetpack_sharing_enabled":true,"_links":{"self":[{"href":"https:\/\/www.svebico.se\/index.php\/wp-json\/wp\/v2\/pages\/1132","targetHints":{"allow":["GET"]}}],"collection":[{"href":"https:\/\/www.svebico.se\/index.php\/wp-json\/wp\/v2\/pages"}],"about":[{"href":"https:\/\/www.svebico.se\/index.php\/wp-json\/wp\/v2\/types\/page"}],"author":[{"embeddable":true,"href":"https:\/\/www.svebico.se\/index.php\/wp-json\/wp\/v2\/users\/1"}],"replies":[{"embeddable":true,"href":"https:\/\/www.svebico.se\/index.php\/wp-json\/wp\/v2\/comments?post=1132"}],"version-history":[{"count":10,"href":"https:\/\/www.svebico.se\/index.php\/wp-json\/wp\/v2\/pages\/1132\/revisions"}],"predecessor-version":[{"id":1151,"href":"https:\/\/www.svebico.se\/index.php\/wp-json\/wp\/v2\/pages\/1132\/revisions\/1151"}],"wp:attachment":[{"href":"https:\/\/www.svebico.se\/index.php\/wp-json\/wp\/v2\/media?parent=1132"}],"curies":[{"name":"wp","href":"https:\/\/api.w.org\/{rel}","templated":true}]}}