{"id":360,"date":"2016-11-03T17:59:05","date_gmt":"2016-11-03T17:59:05","guid":{"rendered":"http:\/\/lawyer2.mythemecloud.io\/?page_id=360"},"modified":"2025-01-09T11:19:03","modified_gmt":"2025-01-09T11:19:03","slug":"bingohallar","status":"publish","type":"page","link":"https:\/\/www.svebico.se\/index.php\/bingohallar\/","title":{"rendered":"Bingohallar"},"content":{"rendered":"\t\t<div data-elementor-type=\"wp-post\" data-elementor-id=\"360\" class=\"elementor elementor-360\">\n\t\t\t\t\t\t<section class=\"elementor-section elementor-top-section elementor-element elementor-element-x3xfmwr elementor-section-boxed elementor-section-height-default elementor-section-height-default\" data-id=\"x3xfmwr\" data-element_type=\"section\" data-e-type=\"section\" data-settings=\"{&quot;background_background&quot;:&quot;classic&quot;}\">\n\t\t\t\t\t\t<div class=\"elementor-container elementor-column-gap-default\">\n\t\t\t\t\t<div class=\"elementor-column elementor-col-100 elementor-top-column elementor-element elementor-element-dg5yyr8\" data-id=\"dg5yyr8\" data-element_type=\"column\" data-e-type=\"column\">\n\t\t\t<div class=\"elementor-widget-wrap elementor-element-populated\">\n\t\t\t\t\t\t<div class=\"elementor-element elementor-element-beee237 elementor-widget elementor-widget-heading\" data-id=\"beee237\" data-element_type=\"widget\" data-e-type=\"widget\" data-widget_type=\"heading.default\">\n\t\t\t\t<div class=\"elementor-widget-container\">\n\t\t\t\t\t<h2 class=\"elementor-heading-title elementor-size-default\">Nu vill jag spela bingo!<\/h2>\t\t\t\t<\/div>\n\t\t\t\t<\/div>\n\t\t\t\t<div class=\"elementor-element elementor-element-1c0b45a elementor-widget elementor-widget-text-editor\" data-id=\"1c0b45a\" data-element_type=\"widget\" data-e-type=\"widget\" data-widget_type=\"text-editor.default\">\n\t\t\t\t<div class=\"elementor-widget-container\">\n\t\t\t\t\t\t\t\t\t<p>Nu \u00e4r det dags att spela bingo! Det finns 49 bingohallar runt om i Sverige, fr\u00e5n Lule\u00e5 i norr till Malm\u00f6 i s\u00f6der.\u00a0<br \/>H\u00e4r hj\u00e4lper vi dig att hitta\u00a0till din n\u00e4rmaste bingohall.<\/p>\t\t\t\t\t\t\t\t<\/div>\n\t\t\t\t<\/div>\n\t\t\t\t\t<\/div>\n\t\t<\/div>\n\t\t\t\t\t<\/div>\n\t\t<\/section>\n\t\t\t\t<section class=\"elementor-section elementor-top-section elementor-element elementor-element-0sxl3ut elementor-section-boxed elementor-section-height-default elementor-section-height-default\" data-id=\"0sxl3ut\" data-element_type=\"section\" data-e-type=\"section\" data-settings=\"{&quot;background_background&quot;:&quot;classic&quot;}\">\n\t\t\t\t\t\t<div class=\"elementor-container elementor-column-gap-default\">\n\t\t\t\t\t<div class=\"elementor-column elementor-col-50 elementor-top-column elementor-element elementor-element-0i2e6i4\" data-id=\"0i2e6i4\" data-element_type=\"column\" data-e-type=\"column\">\n\t\t\t<div class=\"elementor-widget-wrap elementor-element-populated\">\n\t\t\t\t\t\t<div class=\"elementor-element elementor-element-d671131 elementor-hidden-tablet elementor-hidden-mobile elementor-widget elementor-widget-image\" data-id=\"d671131\" data-element_type=\"widget\" data-e-type=\"widget\" data-widget_type=\"image.default\">\n\t\t\t\t<div class=\"elementor-widget-container\">\n\t\t\t\t\t\t\t\t\t\t\t\t\t\t\t<img fetchpriority=\"high\" decoding=\"async\" width=\"429\" height=\"1024\" src=\"https:\/\/www.svebico.se\/wp-content\/uploads\/2023\/08\/Sverigekarta-429x1024.jpg\" class=\"attachment-large size-large wp-image-1002\" alt=\"Sverige\" srcset=\"https:\/\/www.svebico.se\/wp-content\/uploads\/2023\/08\/Sverigekarta-429x1024.jpg 429w, https:\/\/www.svebico.se\/wp-content\/uploads\/2023\/08\/Sverigekarta-126x300.jpg 126w, https:\/\/www.svebico.se\/wp-content\/uploads\/2023\/08\/Sverigekarta-768x1835.jpg 768w, https:\/\/www.svebico.se\/wp-content\/uploads\/2023\/08\/Sverigekarta-643x1536.jpg 643w, https:\/\/www.svebico.se\/wp-content\/uploads\/2023\/08\/Sverigekarta-857x2048.jpg 857w, https:\/\/www.svebico.se\/wp-content\/uploads\/2023\/08\/Sverigekarta-scaled.jpg 1071w\" sizes=\"(max-width: 429px) 100vw, 429px\" \/>\t\t\t\t\t\t\t\t\t\t\t\t\t\t\t<\/div>\n\t\t\t\t<\/div>\n\t\t\t\t\t<\/div>\n\t\t<\/div>\n\t\t\t\t<div class=\"elementor-column elementor-col-50 elementor-top-column elementor-element elementor-element-8f49635\" data-id=\"8f49635\" data-element_type=\"column\" data-e-type=\"column\">\n\t\t\t<div class=\"elementor-widget-wrap elementor-element-populated\">\n\t\t\t\t\t\t<div class=\"elementor-element elementor-element-724b48e elementor-widget elementor-widget-heading\" data-id=\"724b48e\" data-element_type=\"widget\" data-e-type=\"widget\" data-widget_type=\"heading.default\">\n\t\t\t\t<div class=\"elementor-widget-container\">\n\t\t\t\t\t<h3 class=\"elementor-heading-title elementor-size-default\">Fr\u00e5n norr till s\u00f6der:<\/h3>\t\t\t\t<\/div>\n\t\t\t\t<\/div>\n\t\t\t\t<div class=\"elementor-element elementor-element-54cb219 elementor-invisible elementor-widget elementor-widget-text-editor\" data-id=\"54cb219\" data-element_type=\"widget\" data-e-type=\"widget\" data-settings=\"{&quot;_animation&quot;:&quot;bounceInLeft&quot;}\" data-widget_type=\"text-editor.default\">\n\t\t\t\t<div class=\"elementor-widget-container\">\n\t\t\t\t\t\t\t\t\t<p><a href=\"https:\/\/bingohall.idrottensbingo.se\/index.php\/bingohallar\/lulea\/\" target=\"_blank\" rel=\"noopener\">Lule\u00e5<\/a><br \/><a href=\"https:\/\/www.bingoringen.se\/umea\" target=\"_blank\" rel=\"noopener\">Ume\u00e5<\/a><br \/><a href=\"http:\/\/www.bingoringen.se\/ostersund\" target=\"_blank\" rel=\"noopener\">\u00d6stersund<\/a><br \/><a href=\"https:\/\/www.bingoringen.se\/sundsvall\" target=\"_blank\" rel=\"noopener\">Sundsvall<\/a><br \/><a href=\"https:\/\/www.bingoringen.se\/soderhamn\" target=\"_blank\" rel=\"noopener\">S\u00f6derhamn<\/a><br \/><a href=\"https:\/\/bingohall.idrottensbingo.se\/index.php\/bingohallar\/gavle\/\" target=\"_blank\" rel=\"noopener\">G\u00e4vle<\/a><br \/><a href=\"http:\/\/sandvikenbingo.se\/\" target=\"_blank\" rel=\"noopener\">Sandviken<\/a><br \/><a href=\"https:\/\/bingoborlange.se\/\" target=\"_blank\" rel=\"noopener\">Borl\u00e4nge<\/a><br \/><a href=\"https:\/\/bingohall.idrottensbingo.se\/index.php\/bingohallar\/uppsala\/\" target=\"_blank\" rel=\"noopener\">Uppsala<\/a><br \/><a href=\"https:\/\/www.facebook.com\/Arvika-Basket-Bingohall-114371806628521\/\" target=\"_blank\" rel=\"noopener\">Arvika<\/a><br \/><a href=\"https:\/\/www.bingoringen.se\/skoghall\" target=\"_blank\" rel=\"noopener\">Skoghall<\/a><br \/><a href=\"https:\/\/bingovasteras.se\/\" target=\"_blank\" rel=\"noopener\">V\u00e4ster\u00e5s<\/a><br \/><a href=\"https:\/\/www.bingopalatset.se\/vara-hallar\/bergvik\/\" target=\"_blank\" rel=\"noopener\">Karlstad &#8211; Bergvik<\/a><br \/><a href=\"https:\/\/www.bingopalatset.se\/vara-hallar\/bp-city\/\" target=\"_blank\" rel=\"noopener\">Karlstad &#8211; City<\/a><br \/><a href=\"https:\/\/www.bingoringen.se\/eskilstuna\" target=\"_blank\" rel=\"noopener\">Eskilstuna<\/a><br \/><a href=\"https:\/\/www.bingoringen.se\/karlskoga\" target=\"_blank\" rel=\"noopener\">Karlskoga<\/a><br \/><a href=\"http:\/\/www.svebico.se\/bingohallar\/kristinehamn-24307770\" target=\"_blank\" rel=\"noopener\">Kristinehamn<\/a><br \/><a href=\"https:\/\/bingofridhemsplan.se\/\" target=\"_blank\" rel=\"noopener\">Stockholm &#8211; Fridhemsplan<\/a><br \/><a href=\"https:\/\/bingohogdalen.se\/\" target=\"_blank\" rel=\"noopener\">Stockholm &#8211; H\u00f6gdalen<\/a><br \/><a href=\"https:\/\/bingohotorget.se\/\" target=\"_blank\" rel=\"noopener\">Stockholm &#8211; H\u00f6torget<\/a><br \/><a href=\"https:\/\/bingoskarholmen.se\/\" target=\"_blank\" rel=\"noopener\">Stockholm &#8211; Sk\u00e4rholmen<\/a><br \/><a href=\"https:\/\/bingosundbyberg.se\/\" target=\"_blank\" rel=\"noopener\">Stockholm &#8211; Sundbyberg<\/a><br \/><a href=\"https:\/\/bingohall.idrottensbingo.se\/index.php\/bingohallar\/soder\/\" target=\"_blank\" rel=\"noopener\">Stockholm &#8211; S\u00f6dermalm<\/a><br \/><a href=\"https:\/\/www.bingo8.se\/\" target=\"_blank\" rel=\"noopener\">\u00d6rebro<\/a><br \/><a href=\"https:\/\/www.bingoringen.se\/saffle\" target=\"_blank\" rel=\"noopener\">S\u00e4ffle<\/a><br \/><a href=\"https:\/\/www.bingoringen.se\/katrineholm\" target=\"_blank\" rel=\"noopener\">Katrineholm<\/a><br \/><a href=\"https:\/\/citybingonorrkoping.se\/\" target=\"_blank\" rel=\"noopener\">Norrk\u00f6ping<\/a><br \/><a href=\"https:\/\/bingohall.idrottensbingo.se\/index.php\/bingohallar\/linkoping\/\" target=\"_blank\" rel=\"noopener\">Link\u00f6ping<\/a><br \/><a href=\"https:\/\/www.bingoringen.se\/skovde\" target=\"_blank\" rel=\"noopener\">Sk\u00f6vde<\/a><br \/><a href=\"https:\/\/bingo18.se\/\" target=\"_blank\" rel=\"noopener\">Uddevalla<\/a><br \/><a href=\"https:\/\/www.bingoringen.se\/trollhattan\" target=\"_blank\" rel=\"noopener\">Trollh\u00e4ttan<\/a><br \/><a href=\"https:\/\/bingohall.idrottensbingo.se\/index.php\/bingohallar\/alingsas\/\" target=\"_blank\" rel=\"noopener\">Alings\u00e5s<\/a><br \/><a href=\"https:\/\/bingohall.idrottensbingo.se\/index.php\/bingohallar\/kungalv\/\" target=\"_blank\" rel=\"noopener\">Kung\u00e4lv<\/a><br \/><a href=\"https:\/\/www.bingoringen.se\/jonkoping\" target=\"_blank\" rel=\"noopener\">J\u00f6nk\u00f6ping<\/a><br \/><a href=\"https:\/\/bingohall.idrottensbingo.se\/index.php\/bingohallar\/angered\/\" target=\"_blank\" rel=\"noopener\">G\u00f6teborg &#8211; Angered<\/a><br \/><a href=\"https:\/\/bingohall.idrottensbingo.se\/index.php\/bingohallar\/grand\/\" target=\"_blank\" rel=\"noopener\">G\u00f6teborg &#8211; Grand, Kungsgatan<\/a><br \/><a href=\"https:\/\/bingohall.idrottensbingo.se\/index.php\/bingohallar\/kortedala\/\" target=\"_blank\" rel=\"noopener\">G\u00f6teborg &#8211; Kortedala<\/a><br \/><a href=\"https:\/\/bingohall.idrottensbingo.se\/index.php\/bingohallar\/redbergsgarden\/\" target=\"_blank\" rel=\"noopener\">G\u00f6teborg &#8211; Redbergsplatsen<\/a><br \/><a href=\"https:\/\/bingohall.idrottensbingo.se\/index.php\/bingohallar\/frolunda\/\" target=\"_blank\" rel=\"noopener\">G\u00f6teborg &#8211; V\u00e4stra Fr\u00f6lunda<\/a><br \/><a href=\"https:\/\/bingohall.idrottensbingo.se\/index.php\/bingohallar\/boras\/\" target=\"_blank\" rel=\"noopener\">Bor\u00e5s &#8211; Idrottens Bingo<\/a><br \/><a href=\"https:\/\/www.facebook.com\/norrbybingo\/\" target=\"_blank\" rel=\"noopener\">Bor\u00e5s &#8211; Bor\u00e5s Bingo<\/a><br \/><a href=\"https:\/\/www.fortunabingo.se\/\" target=\"_blank\" rel=\"noopener\">Halmstad<\/a><br \/><a href=\"https:\/\/www.bingoringen.se\/helsingborg\" target=\"_blank\" rel=\"noopener\">Helsingborg<\/a><br \/><a href=\"https:\/\/www.bingoringen.se\/landskrona\" target=\"_blank\" rel=\"noopener\">Landskrona<\/a><br \/><a href=\"https:\/\/www.facebook.com\/Lunds-Bingo-548470841938199\" target=\"_blank\" rel=\"noopener\">Lund<\/a><br \/><a href=\"https:\/\/bingomalmo.se\/\" target=\"_blank\" rel=\"noopener\">Malm\u00f6 &#8211; Triangelns Bingo<\/a><\/p>\t\t\t\t\t\t\t\t<\/div>\n\t\t\t\t<\/div>\n\t\t\t\t\t<\/div>\n\t\t<\/div>\n\t\t\t\t\t<\/div>\n\t\t<\/section>\n\t\t\t\t<\/div>\n\t\t","protected":false},"excerpt":{"rendered":"<p>Nu vill jag spela bingo! Nu \u00e4r det dags att spela bingo! Det finns 49 bingohallar runt om i Sverige, fr\u00e5n Lule\u00e5 i norr till Malm\u00f6 i s\u00f6der.\u00a0H\u00e4r hj\u00e4lper vi dig att hitta\u00a0till din n\u00e4rmaste bingohall. Fr\u00e5n norr till s\u00f6der: Lule\u00e5Ume\u00e5\u00d6stersundSundsvallS\u00f6derhamnG\u00e4vleSandvikenBorl\u00e4ngeUppsalaArvikaSkoghallV\u00e4ster\u00e5sKarlstad &#8211; BergvikKarlstad &#8211; CityEskilstunaKarlskogaKristinehamnStockholm &#8211; FridhemsplanStockholm &#8211; H\u00f6gdalenStockholm &#8211; H\u00f6torgetStockholm &#8211; Sk\u00e4rholmenStockholm &#8211; SundbybergStockholm [&hellip;]<\/p>\n","protected":false},"author":1,"featured_media":0,"parent":0,"menu_order":0,"comment_status":"closed","ping_status":"closed","template":"","meta":{"ocean_post_layout":"full-screen","ocean_both_sidebars_style":"","ocean_both_sidebars_content_width":0,"ocean_both_sidebars_sidebars_width":0,"ocean_sidebar":"0","ocean_second_sidebar":"0","ocean_disable_margins":"on","ocean_add_body_class":"","ocean_shortcode_before_top_bar":"","ocean_shortcode_after_top_bar":"","ocean_shortcode_before_header":"","ocean_shortcode_after_header":"","ocean_has_shortcode":"","ocean_shortcode_after_title":"","ocean_shortcode_before_footer_widgets":"","ocean_shortcode_after_footer_widgets":"","ocean_shortcode_before_footer_bottom":"","ocean_shortcode_after_footer_bottom":"","ocean_display_top_bar":"default","ocean_display_header":"default","ocean_header_style":"","ocean_center_header_left_menu":"0","ocean_custom_header_template":"0","ocean_custom_logo":0,"ocean_custom_retina_logo":0,"ocean_custom_logo_max_width":0,"ocean_custom_logo_tablet_max_width":0,"ocean_custom_logo_mobile_max_width":0,"ocean_custom_logo_max_height":0,"ocean_custom_logo_tablet_max_height":0,"ocean_custom_logo_mobile_max_height":0,"ocean_header_custom_menu":"0","ocean_menu_typo_font_family":"0","ocean_menu_typo_font_subset":"","ocean_menu_typo_font_size":0,"ocean_menu_typo_font_size_tablet":0,"ocean_menu_typo_font_size_mobile":0,"ocean_menu_typo_font_size_unit":"px","ocean_menu_typo_font_weight":"","ocean_menu_typo_font_weight_tablet":"","ocean_menu_typo_font_weight_mobile":"","ocean_menu_typo_transform":"","ocean_menu_typo_transform_tablet":"","ocean_menu_typo_transform_mobile":"","ocean_menu_typo_line_height":0,"ocean_menu_typo_line_height_tablet":0,"ocean_menu_typo_line_height_mobile":0,"ocean_menu_typo_line_height_unit":"","ocean_menu_typo_spacing":0,"ocean_menu_typo_spacing_tablet":0,"ocean_menu_typo_spacing_mobile":0,"ocean_menu_typo_spacing_unit":"","ocean_menu_link_color":"","ocean_menu_link_color_hover":"","ocean_menu_link_color_active":"","ocean_menu_link_background":"","ocean_menu_link_hover_background":"","ocean_menu_link_active_background":"","ocean_menu_social_links_bg":"","ocean_menu_social_hover_links_bg":"","ocean_menu_social_links_color":"","ocean_menu_social_hover_links_color":"","ocean_disable_title":"default","ocean_disable_heading":"default","ocean_post_title":"","ocean_post_subheading":"","ocean_post_title_style":"","ocean_post_title_background_color":"","ocean_post_title_background":0,"ocean_post_title_bg_image_position":"","ocean_post_title_bg_image_attachment":"","ocean_post_title_bg_image_repeat":"","ocean_post_title_bg_image_size":"","ocean_post_title_height":0,"ocean_post_title_bg_overlay":0.5,"ocean_post_title_bg_overlay_color":"","ocean_disable_breadcrumbs":"default","ocean_breadcrumbs_color":"","ocean_breadcrumbs_separator_color":"","ocean_breadcrumbs_links_color":"","ocean_breadcrumbs_links_hover_color":"","ocean_display_footer_widgets":"default","ocean_display_footer_bottom":"default","ocean_custom_footer_template":"0","footnotes":""},"class_list":["post-360","page","type-page","status-publish","hentry","entry"],"jetpack_sharing_enabled":true,"_links":{"self":[{"href":"https:\/\/www.svebico.se\/index.php\/wp-json\/wp\/v2\/pages\/360","targetHints":{"allow":["GET"]}}],"collection":[{"href":"https:\/\/www.svebico.se\/index.php\/wp-json\/wp\/v2\/pages"}],"about":[{"href":"https:\/\/www.svebico.se\/index.php\/wp-json\/wp\/v2\/types\/page"}],"author":[{"embeddable":true,"href":"https:\/\/www.svebico.se\/index.php\/wp-json\/wp\/v2\/users\/1"}],"replies":[{"embeddable":true,"href":"https:\/\/www.svebico.se\/index.php\/wp-json\/wp\/v2\/comments?post=360"}],"version-history":[{"count":47,"href":"https:\/\/www.svebico.se\/index.php\/wp-json\/wp\/v2\/pages\/360\/revisions"}],"predecessor-version":[{"id":2284,"href":"https:\/\/www.svebico.se\/index.php\/wp-json\/wp\/v2\/pages\/360\/revisions\/2284"}],"wp:attachment":[{"href":"https:\/\/www.svebico.se\/index.php\/wp-json\/wp\/v2\/media?parent=360"}],"curies":[{"name":"wp","href":"https:\/\/api.w.org\/{rel}","templated":true}]}}